{"id":493,"date":"2026-03-21T19:48:55","date_gmt":"2026-03-21T19:48:55","guid":{"rendered":"https:\/\/topsali.fi\/privacy-policy\/"},"modified":"2026-03-22T15:59:03","modified_gmt":"2026-03-22T15:59:03","slug":"privacy-policy","status":"publish","type":"page","link":"https:\/\/topsali.fi\/en\/privacy-policy\/","title":{"rendered":"Privacy Policy"},"content":{"rendered":"\t\t<div data-elementor-type=\"wp-page\" data-elementor-id=\"493\" class=\"elementor elementor-493 elementor-334\">\n\t\t\t\t<div class=\"elementor-element elementor-element-4abecf5 e-flex e-con-boxed e-con e-parent\" data-id=\"4abecf5\" data-element_type=\"container\" data-e-type=\"container\" data-settings=\"{&quot;background_background&quot;:&quot;classic&quot;}\">\n\t\t\t\t\t<div class=\"e-con-inner\">\n\t\t<div class=\"elementor-element elementor-element-2feac368 e-con-full e-flex e-con e-child\" data-id=\"2feac368\" data-element_type=\"container\" data-e-type=\"container\">\n\t\t\t\t<div class=\"elementor-element elementor-element-8ccd9ba elementor-widget elementor-widget-text-editor\" data-id=\"8ccd9ba\" data-element_type=\"widget\" data-e-type=\"widget\" data-widget_type=\"text-editor.default\">\n\t\t\t\t\t\t\t\t\t<h2>Privacy Policy<\/h2><p><em>Last updated: 21. March 2026<\/em><\/p><h5>1. Data Controller<\/h5><p>TopSali<br>M\u00e4ntyniementie 11 A, 25500 Perni\u00f6, Finland<br>Phone: 050 323 0306<br>Email: info@topsali.fi<\/p><h5>2. Purpose and Legal Basis for the Processing of Personal Data<\/h5><p>We process personal data for the following purposes:<\/p><ul><li>Membership and Customer Relationship Management<\/li><li>Booking classes and services<\/li><li>Billing and Payment Processing<\/li><li>Responding to inquiries<\/li><li>Compliance with legal obligations<\/li><\/ul><p>The legal basis for processing is the customer relationship (performance of a contract), legal obligations, and the legitimate interests of the data controller.<\/p><h5>3. Personal data collected<\/h5><p>We may collect the following information:<\/p><ul><li>Name<\/li><li>Email address and\/or phone number<\/li><li>Any contact messages<\/li><li>Billing information (if applicable)<\/li><\/ul><p>We do not collect sensitive personal data without your explicit consent.<\/p><h5>4. Data Retention<\/h5><p>We retain personal data for as long as necessary to fulfill the purposes mentioned above or to comply with legal obligations. Once the customer relationship has ended, the data will be deleted within a reasonable period of time.<\/p><h5>5. Disclosure of Information to Third Parties<\/h5><p>We do not sell or disclose your personal information to third parties without your consent, except:<\/p><ul><li>When necessary to provide the service (e.g., a payment service provider)<\/li><li>When required by law or by an official order<\/li><\/ul><h5>6. Rights of the Data Subject<\/h5><p>In accordance with the EU General Data Protection Regulation (GDPR), you have the right to:<\/p><ul><li>View the information we have on file about you<\/li><li>Correct incorrect information<\/li><li>Delete your data (&#8220;right to be forgotten&#8221;)<\/li><li>Restrict the processing of your data<\/li><li>Object to the processing of your data<\/li><li>Transfer your data to another data controller<\/li><\/ul><p>You can exercise your rights by contacting us using the contact information below.<\/p><h5>7. Cookies and Website Tracking<\/h5><p>Our website may use cookies to improve its functionality. You can manage your cookie settings in your browser settings. We do not use cookies to profile users for marketing purposes without their explicit consent.<\/p><h5>8. Information Security<\/h5><p>We protect your personal data from unauthorized access, alteration, disclosure, or destruction using appropriate technical and organizational measures.<\/p><h5>9. Right to Appeal<\/h5><p>You have the right to file a complaint with the Data Protection Commissioner if you believe that the processing of your personal data has violated data protection laws.<\/p><p>Office of the Data Protection Ombudsman: <a href=\"https:\/\/tietosuoja.fi\/\" target=\"_blank\" rel=\"noopener\">tietosuoja.fi<\/a><\/p>\t\t\t\t\t\t\t\t<\/div>\n\t\t\t\t<\/div>\n\t\t\t\t\t<\/div>\n\t\t\t\t<\/div>\n\t\t<div class=\"elementor-element elementor-element-d9bbcee e-flex e-con-boxed e-con e-parent\" data-id=\"d9bbcee\" data-element_type=\"container\" data-e-type=\"container\" data-settings=\"{&quot;background_background&quot;:&quot;classic&quot;}\">\n\t\t\t\t\t<div class=\"e-con-inner\">\n\t\t<div class=\"elementor-element elementor-element-70aee42 e-con-full e-flex e-con e-child\" data-id=\"70aee42\" data-element_type=\"container\" data-e-type=\"container\">\n\t\t<div class=\"elementor-element elementor-element-9e1b44a e-con-full e-flex e-con e-child\" data-id=\"9e1b44a\" data-element_type=\"container\" data-e-type=\"container\">\n\t\t<div class=\"elementor-element elementor-element-cabce41 e-con-full e-flex e-con e-child\" data-id=\"cabce41\" data-element_type=\"container\" data-e-type=\"container\">\n\t\t<div class=\"elementor-element elementor-element-1861cc1 e-con-full e-flex e-con e-child\" data-id=\"1861cc1\" data-element_type=\"container\" data-e-type=\"container\" data-settings=\"{&quot;background_background&quot;:&quot;classic&quot;}\">\n\t\t\t\t<div class=\"elementor-element elementor-element-5269321 elementor-widget elementor-widget-heading\" data-id=\"5269321\" data-element_type=\"widget\" data-e-type=\"widget\" data-widget_type=\"heading.default\">\n\t\t\t\t\t<h2 class=\"elementor-heading-title elementor-size-default\">Contact Information:<\/h2>\t\t\t\t<\/div>\n\t\t\t\t<div class=\"elementor-element elementor-element-69b977e elementor-icon-list--layout-traditional elementor-list-item-link-full_width elementor-widget elementor-widget-icon-list\" data-id=\"69b977e\" data-element_type=\"widget\" data-e-type=\"widget\" data-widget_type=\"icon-list.default\">\n\t\t\t\t\t\t\t<ul class=\"elementor-icon-list-items\">\n\t\t\t\t\t\t\t<li class=\"elementor-icon-list-item\">\n\t\t\t\t\t\t\t\t\t\t\t<a href=\"tel:0503230306\">\n\n\t\t\t\t\t\t\t\t\t\t\t\t<span class=\"elementor-icon-list-icon\">\n\t\t\t\t\t\t\t<svg aria-hidden=\"true\" class=\"e-font-icon-svg e-fas-phone-alt\" viewBox=\"0 0 512 512\" xmlns=\"http:\/\/www.w3.org\/2000\/svg\"><path d=\"M497.39 361.8l-112-48a24 24 0 0 0-28 6.9l-49.6 60.6A370.66 370.66 0 0 1 130.6 204.11l60.6-49.6a23.94 23.94 0 0 0 6.9-28l-48-112A24.16 24.16 0 0 0 122.6.61l-104 24A24 24 0 0 0 0 48c0 256.5 207.9 464 464 464a24 24 0 0 0 23.4-18.6l24-104a24.29 24.29 0 0 0-14.01-27.6z\"><\/path><\/svg>\t\t\t\t\t\t<\/span>\n\t\t\t\t\t\t\t\t\t\t<span class=\"elementor-icon-list-text\">050 323 0306<\/span>\n\t\t\t\t\t\t\t\t\t\t\t<\/a>\n\t\t\t\t\t\t\t\t\t<\/li>\n\t\t\t\t\t\t\t\t<li class=\"elementor-icon-list-item\">\n\t\t\t\t\t\t\t\t\t\t\t<a href=\"mailto:info@topsali.fi\">\n\n\t\t\t\t\t\t\t\t\t\t\t\t<span class=\"elementor-icon-list-icon\">\n\t\t\t\t\t\t\t<svg aria-hidden=\"true\" class=\"e-font-icon-svg e-far-envelope\" viewBox=\"0 0 512 512\" xmlns=\"http:\/\/www.w3.org\/2000\/svg\"><path d=\"M464 64H48C21.49 64 0 85.49 0 112v288c0 26.51 21.49 48 48 48h416c26.51 0 48-21.49 48-48V112c0-26.51-21.49-48-48-48zm0 48v40.805c-22.422 18.259-58.168 46.651-134.587 106.49-16.841 13.247-50.201 45.072-73.413 44.701-23.208.375-56.579-31.459-73.413-44.701C106.18 199.465 70.425 171.067 48 152.805V112h416zM48 400V214.398c22.914 18.251 55.409 43.862 104.938 82.646 21.857 17.205 60.134 55.186 103.062 54.955 42.717.231 80.509-37.199 103.053-54.947 49.528-38.783 82.032-64.401 104.947-82.653V400H48z\"><\/path><\/svg>\t\t\t\t\t\t<\/span>\n\t\t\t\t\t\t\t\t\t\t<span class=\"elementor-icon-list-text\">info@topsali.fi<\/span>\n\t\t\t\t\t\t\t\t\t\t\t<\/a>\n\t\t\t\t\t\t\t\t\t<\/li>\n\t\t\t\t\t\t\t\t<li class=\"elementor-icon-list-item\">\n\t\t\t\t\t\t\t\t\t\t\t<span class=\"elementor-icon-list-icon\">\n\t\t\t\t\t\t\t<svg aria-hidden=\"true\" class=\"e-font-icon-svg e-fas-map-pin\" viewBox=\"0 0 288 512\" xmlns=\"http:\/\/www.w3.org\/2000\/svg\"><path d=\"M112 316.94v156.69l22.02 33.02c4.75 7.12 15.22 7.12 19.97 0L176 473.63V316.94c-10.39 1.92-21.06 3.06-32 3.06s-21.61-1.14-32-3.06zM144 0C64.47 0 0 64.47 0 144s64.47 144 144 144 144-64.47 144-144S223.53 0 144 0zm0 76c-37.5 0-68 30.5-68 68 0 6.62-5.38 12-12 12s-12-5.38-12-12c0-50.73 41.28-92 92-92 6.62 0 12 5.38 12 12s-5.38 12-12 12z\"><\/path><\/svg>\t\t\t\t\t\t<\/span>\n\t\t\t\t\t\t\t\t\t\t<span class=\"elementor-icon-list-text\">M\u00e4ntyniementie 11 A, 25500 Perni\u00f6<\/span>\n\t\t\t\t\t\t\t\t\t<\/li>\n\t\t\t\t\t\t<\/ul>\n\t\t\t\t\t\t<\/div>\n\t\t\t\t<\/div>\n\t\t\t\t<\/div>\n\t\t\t\t<\/div>\n\t\t\t\t<\/div>\n\t\t\t\t\t<\/div>\n\t\t\t\t<\/div>\n\t\t\t\t<\/div>\n\t\t","protected":false},"excerpt":{"rendered":"<p>Privacy Policy Last updated: 21. March 2026 1. Data Controller TopSaliM\u00e4ntyniementie 11 A, 25500 Perni\u00f6, FinlandPhone: 050 323 0306Email: info@topsali.fi 2. Purpose and Legal Basis for the Processing of Personal Data We process personal data for the following purposes: Membership and Customer Relationship Management Booking classes and services Billing and Payment Processing Responding to inquiries [&hellip;]<\/p>\n","protected":false},"author":1,"featured_media":0,"parent":0,"menu_order":0,"comment_status":"closed","ping_status":"closed","template":"","meta":{"footnotes":""},"class_list":["post-493","page","type-page","status-publish","hentry"],"yoast_head":"<!-- This site is optimized with the Yoast SEO plugin v27.2 - https:\/\/yoast.com\/product\/yoast-seo-wordpress\/ -->\n<title>Privacy Policy - TopSali - Kuntokeskus - Perni\u00f6<\/title>\n<meta name=\"robots\" content=\"index, follow, max-snippet:-1, max-image-preview:large, max-video-preview:-1\" \/>\n<link rel=\"canonical\" href=\"https:\/\/topsali.fi\/en\/privacy-policy\/\" \/>\n<meta property=\"og:locale\" content=\"en_US\" \/>\n<meta property=\"og:type\" content=\"article\" \/>\n<meta property=\"og:title\" content=\"Privacy Policy - TopSali - Kuntokeskus - Perni\u00f6\" \/>\n<meta property=\"og:description\" content=\"Privacy Policy Last updated: 21. March 2026 1. Data Controller TopSaliM\u00e4ntyniementie 11 A, 25500 Perni\u00f6, FinlandPhone: 050 323 0306Email: info@topsali.fi 2. Purpose and Legal Basis for the Processing of Personal Data We process personal data for the following purposes: Membership and Customer Relationship Management Booking classes and services Billing and Payment Processing Responding to inquiries [&hellip;]\" \/>\n<meta property=\"og:url\" content=\"https:\/\/topsali.fi\/en\/privacy-policy\/\" \/>\n<meta property=\"og:site_name\" content=\"TopSali - Kuntokeskus - Perni\u00f6\" \/>\n<meta property=\"article:publisher\" content=\"https:\/\/www.facebook.com\/topsalisuomi\" \/>\n<meta property=\"article:modified_time\" content=\"2026-03-22T15:59:03+00:00\" \/>\n<meta name=\"twitter:card\" content=\"summary_large_image\" \/>\n<meta name=\"twitter:label1\" content=\"Est. reading time\" \/>\n\t<meta name=\"twitter:data1\" content=\"2 minutes\" \/>\n<script type=\"application\/ld+json\" class=\"yoast-schema-graph\">{\"@context\":\"https:\/\/schema.org\",\"@graph\":[{\"@type\":\"WebPage\",\"@id\":\"https:\/\/topsali.fi\/en\/privacy-policy\/\",\"url\":\"https:\/\/topsali.fi\/en\/privacy-policy\/\",\"name\":\"Privacy Policy - TopSali - Kuntokeskus - Perni\u00f6\",\"isPartOf\":{\"@id\":\"https:\/\/topsali.fi\/en\/#website\"},\"datePublished\":\"2026-03-21T19:48:55+00:00\",\"dateModified\":\"2026-03-22T15:59:03+00:00\",\"breadcrumb\":{\"@id\":\"https:\/\/topsali.fi\/en\/privacy-policy\/#breadcrumb\"},\"inLanguage\":\"en-US\",\"potentialAction\":[{\"@type\":\"ReadAction\",\"target\":[\"https:\/\/topsali.fi\/en\/privacy-policy\/\"]}]},{\"@type\":\"BreadcrumbList\",\"@id\":\"https:\/\/topsali.fi\/en\/privacy-policy\/#breadcrumb\",\"itemListElement\":[{\"@type\":\"ListItem\",\"position\":1,\"name\":\"Etusivu\",\"item\":\"https:\/\/topsali.fi\/en\/\"},{\"@type\":\"ListItem\",\"position\":2,\"name\":\"Privacy Policy\"}]},{\"@type\":\"WebSite\",\"@id\":\"https:\/\/topsali.fi\/en\/#website\",\"url\":\"https:\/\/topsali.fi\/en\/\",\"name\":\"TopSali - Kuntokeskus - Perni\u00f6\",\"description\":\"\",\"publisher\":{\"@id\":\"https:\/\/topsali.fi\/en\/#organization\"},\"potentialAction\":[{\"@type\":\"SearchAction\",\"target\":{\"@type\":\"EntryPoint\",\"urlTemplate\":\"https:\/\/topsali.fi\/en\/?s={search_term_string}\"},\"query-input\":{\"@type\":\"PropertyValueSpecification\",\"valueRequired\":true,\"valueName\":\"search_term_string\"}}],\"inLanguage\":\"en-US\"},{\"@type\":\"Organization\",\"@id\":\"https:\/\/topsali.fi\/en\/#organization\",\"name\":\"TopSali - Kuntokeskus - Perni\u00f6\",\"url\":\"https:\/\/topsali.fi\/en\/\",\"logo\":{\"@type\":\"ImageObject\",\"inLanguage\":\"en-US\",\"@id\":\"https:\/\/topsali.fi\/en\/#\/schema\/logo\/image\/\",\"url\":\"https:\/\/topsali.fi\/wp-content\/uploads\/2026\/03\/Top-Sali-logo.webp\",\"contentUrl\":\"https:\/\/topsali.fi\/wp-content\/uploads\/2026\/03\/Top-Sali-logo.webp\",\"width\":512,\"height\":514,\"caption\":\"TopSali - Kuntokeskus - Perni\u00f6\"},\"image\":{\"@id\":\"https:\/\/topsali.fi\/en\/#\/schema\/logo\/image\/\"},\"sameAs\":[\"https:\/\/www.facebook.com\/topsalisuomi\",\"https:\/\/www.instagram.com\/topsalisuomi_\/\"]}]}<\/script>\n<!-- \/ Yoast SEO plugin. -->","yoast_head_json":{"title":"Privacy Policy - TopSali - Kuntokeskus - Perni\u00f6","robots":{"index":"index","follow":"follow","max-snippet":"max-snippet:-1","max-image-preview":"max-image-preview:large","max-video-preview":"max-video-preview:-1"},"canonical":"https:\/\/topsali.fi\/en\/privacy-policy\/","og_locale":"en_US","og_type":"article","og_title":"Privacy Policy - TopSali - Kuntokeskus - Perni\u00f6","og_description":"Privacy Policy Last updated: 21. March 2026 1. Data Controller TopSaliM\u00e4ntyniementie 11 A, 25500 Perni\u00f6, FinlandPhone: 050 323 0306Email: info@topsali.fi 2. Purpose and Legal Basis for the Processing of Personal Data We process personal data for the following purposes: Membership and Customer Relationship Management Booking classes and services Billing and Payment Processing Responding to inquiries [&hellip;]","og_url":"https:\/\/topsali.fi\/en\/privacy-policy\/","og_site_name":"TopSali - Kuntokeskus - Perni\u00f6","article_publisher":"https:\/\/www.facebook.com\/topsalisuomi","article_modified_time":"2026-03-22T15:59:03+00:00","twitter_card":"summary_large_image","twitter_misc":{"Est. reading time":"2 minutes"},"schema":{"@context":"https:\/\/schema.org","@graph":[{"@type":"WebPage","@id":"https:\/\/topsali.fi\/en\/privacy-policy\/","url":"https:\/\/topsali.fi\/en\/privacy-policy\/","name":"Privacy Policy - TopSali - Kuntokeskus - Perni\u00f6","isPartOf":{"@id":"https:\/\/topsali.fi\/en\/#website"},"datePublished":"2026-03-21T19:48:55+00:00","dateModified":"2026-03-22T15:59:03+00:00","breadcrumb":{"@id":"https:\/\/topsali.fi\/en\/privacy-policy\/#breadcrumb"},"inLanguage":"en-US","potentialAction":[{"@type":"ReadAction","target":["https:\/\/topsali.fi\/en\/privacy-policy\/"]}]},{"@type":"BreadcrumbList","@id":"https:\/\/topsali.fi\/en\/privacy-policy\/#breadcrumb","itemListElement":[{"@type":"ListItem","position":1,"name":"Etusivu","item":"https:\/\/topsali.fi\/en\/"},{"@type":"ListItem","position":2,"name":"Privacy Policy"}]},{"@type":"WebSite","@id":"https:\/\/topsali.fi\/en\/#website","url":"https:\/\/topsali.fi\/en\/","name":"TopSali - Kuntokeskus - Perni\u00f6","description":"","publisher":{"@id":"https:\/\/topsali.fi\/en\/#organization"},"potentialAction":[{"@type":"SearchAction","target":{"@type":"EntryPoint","urlTemplate":"https:\/\/topsali.fi\/en\/?s={search_term_string}"},"query-input":{"@type":"PropertyValueSpecification","valueRequired":true,"valueName":"search_term_string"}}],"inLanguage":"en-US"},{"@type":"Organization","@id":"https:\/\/topsali.fi\/en\/#organization","name":"TopSali - Kuntokeskus - Perni\u00f6","url":"https:\/\/topsali.fi\/en\/","logo":{"@type":"ImageObject","inLanguage":"en-US","@id":"https:\/\/topsali.fi\/en\/#\/schema\/logo\/image\/","url":"https:\/\/topsali.fi\/wp-content\/uploads\/2026\/03\/Top-Sali-logo.webp","contentUrl":"https:\/\/topsali.fi\/wp-content\/uploads\/2026\/03\/Top-Sali-logo.webp","width":512,"height":514,"caption":"TopSali - Kuntokeskus - Perni\u00f6"},"image":{"@id":"https:\/\/topsali.fi\/en\/#\/schema\/logo\/image\/"},"sameAs":["https:\/\/www.facebook.com\/topsalisuomi","https:\/\/www.instagram.com\/topsalisuomi_\/"]}]}},"_links":{"self":[{"href":"https:\/\/topsali.fi\/en\/wp-json\/wp\/v2\/pages\/493","targetHints":{"allow":["GET"]}}],"collection":[{"href":"https:\/\/topsali.fi\/en\/wp-json\/wp\/v2\/pages"}],"about":[{"href":"https:\/\/topsali.fi\/en\/wp-json\/wp\/v2\/types\/page"}],"author":[{"embeddable":true,"href":"https:\/\/topsali.fi\/en\/wp-json\/wp\/v2\/users\/1"}],"replies":[{"embeddable":true,"href":"https:\/\/topsali.fi\/en\/wp-json\/wp\/v2\/comments?post=493"}],"version-history":[{"count":1,"href":"https:\/\/topsali.fi\/en\/wp-json\/wp\/v2\/pages\/493\/revisions"}],"predecessor-version":[{"id":494,"href":"https:\/\/topsali.fi\/en\/wp-json\/wp\/v2\/pages\/493\/revisions\/494"}],"wp:attachment":[{"href":"https:\/\/topsali.fi\/en\/wp-json\/wp\/v2\/media?parent=493"}],"curies":[{"name":"wp","href":"https:\/\/api.w.org\/{rel}","templated":true}]}}